{"id":99,"date":"2021-03-09T10:38:21","date_gmt":"2021-03-09T10:38:21","guid":{"rendered":"https:\/\/mario-storz.de\/?page_id=99"},"modified":"2021-03-22T14:18:08","modified_gmt":"2021-03-22T14:18:08","slug":"mario-storz","status":"publish","type":"page","link":"https:\/\/mario-storz.de\/?page_id=99","title":{"rendered":"Mario Storz"},"content":{"rendered":"\n<ul><li>38 Jahre, r\u00f6misch-katholisch, verheiratet mit Irina Storz<\/li><li>Diplom Verwaltungswirt (FH)<\/li><li>B\u00fcrgermeister der Gemeinde Engstingen seit 2013<\/li><\/ul>\n\n\n\n<figure class=\"wp-block-image size-large\"><img loading=\"lazy\" width=\"1024\" height=\"478\" src=\"https:\/\/mario-storz.de\/wp-content\/uploads\/2021\/03\/image-17-1024x478.png\" alt=\"\" class=\"wp-image-238\" srcset=\"https:\/\/mario-storz.de\/wp-content\/uploads\/2021\/03\/image-17-1024x478.png 1024w, https:\/\/mario-storz.de\/wp-content\/uploads\/2021\/03\/image-17-300x140.png 300w, https:\/\/mario-storz.de\/wp-content\/uploads\/2021\/03\/image-17-768x359.png 768w, https:\/\/mario-storz.de\/wp-content\/uploads\/2021\/03\/image-17.png 1276w\" sizes=\"(max-width: 1024px) 100vw, 1024px\" \/><\/figure>\n\n\n\n<p><strong>Funktionen und ehrenamtliche T\u00e4tigkeiten<\/strong><\/p>\n\n\n\n<ul><li>Vorsitzender des Zweckverbands Gewerbepark Engstingen-Haid<\/li><li>Vorsitzender der Albwasserversorgungsgruppe XIV \u2013Echazgruppe-<\/li><li>Vorsitzender der vereinbarten Verwaltungsgemeinschaft Engstingen-Hohenstein<\/li><li>Mitglied im Kreistag, stellv. Vorsitzender CDU-Kreistagsfraktion<\/li><li>Mitglied in der Verbandsversammlung des Regionalverbands Neckar-Alb<\/li><li>Mitglied in der Verbandsversammlung des Zweckverbands Regionalstadtbahn Neckar-Alb<\/li><\/ul>\n","protected":false},"excerpt":{"rendered":"<p>38 Jahre, r\u00f6misch-katholisch, verheiratet mit Irina Storz Diplom Verwaltungswirt (FH) B\u00fcrgermeister der Gemeinde Engstingen seit 2013 Funktionen und ehrenamtliche T\u00e4tigkeiten Vorsitzender des Zweckverbands Gewerbepark Engstingen-Haid Vorsitzender der Albwasserversorgungsgruppe XIV \u2013Echazgruppe- Vorsitzender der vereinbarten Verwaltungsgemeinschaft Engstingen-Hohenstein Mitglied im Kreistag, stellv. Vorsitzender CDU-Kreistagsfraktion Mitglied in der Verbandsversammlung des Regionalverbands Neckar-Alb Mitglied in der Verbandsversammlung des Zweckverbands Regionalstadtbahn [&hellip;]<\/p>\n","protected":false},"author":1,"featured_media":0,"parent":0,"menu_order":0,"comment_status":"closed","ping_status":"closed","template":"","meta":[],"_links":{"self":[{"href":"https:\/\/mario-storz.de\/index.php?rest_route=\/wp\/v2\/pages\/99"}],"collection":[{"href":"https:\/\/mario-storz.de\/index.php?rest_route=\/wp\/v2\/pages"}],"about":[{"href":"https:\/\/mario-storz.de\/index.php?rest_route=\/wp\/v2\/types\/page"}],"author":[{"embeddable":true,"href":"https:\/\/mario-storz.de\/index.php?rest_route=\/wp\/v2\/users\/1"}],"replies":[{"embeddable":true,"href":"https:\/\/mario-storz.de\/index.php?rest_route=%2Fwp%2Fv2%2Fcomments&post=99"}],"version-history":[{"count":6,"href":"https:\/\/mario-storz.de\/index.php?rest_route=\/wp\/v2\/pages\/99\/revisions"}],"predecessor-version":[{"id":240,"href":"https:\/\/mario-storz.de\/index.php?rest_route=\/wp\/v2\/pages\/99\/revisions\/240"}],"wp:attachment":[{"href":"https:\/\/mario-storz.de\/index.php?rest_route=%2Fwp%2Fv2%2Fmedia&parent=99"}],"curies":[{"name":"wp","href":"https:\/\/api.w.org\/{rel}","templated":true}]}}