{"id":51,"date":"2021-03-09T09:38:52","date_gmt":"2021-03-09T09:38:52","guid":{"rendered":"https:\/\/mario-storz.de\/?page_id=51"},"modified":"2021-03-24T07:05:04","modified_gmt":"2021-03-24T07:05:04","slug":"gemeindefinanzen","status":"publish","type":"page","link":"https:\/\/mario-storz.de\/?page_id=51","title":{"rendered":"Gemeindefinanzen und Verwaltung"},"content":{"rendered":"\n<h6><strong>Gemeindefinanzen<\/strong><\/h6>\n\n\n\n<p>In den vergangenen Jahren konnten wir in der Gemeinde Engstingen viele Projekte umsetzen, vieles sanieren und modernisieren und aufgelaufene Investitionsstaus nacheinander abbauen.<\/p>\n\n\n\n<p>Dank einer guten und stabilen Konjunktur sowie Dank hoher Zusch\u00fcsse konnten wir trotz gro\u00dfer Investitionen unsere Verschuldung von 3,5 Mio. im Jahr 2013 auf 1,9 Mio. Ende 2020 absenken und sogar R\u00fccklagen aufbauen.<\/p>\n\n\n\n<p>Diese hart erarbeiteten Spielr\u00e4ume kommen uns nun in der Corona-Krise und bei der in diesem Jahr angespannten Haushaltssituation zu Gute. Dieser Spielraum erlaubt es uns in 2021 erstmals seit 2013 wieder Kredite in H\u00f6he von 1 Million Euro zur Finanzierung unserer Vorhaben aufzunehmen.<\/p>\n\n\n\n<figure class=\"wp-block-image size-large\"><img loading=\"lazy\" width=\"1024\" height=\"478\" src=\"https:\/\/mario-storz.de\/wp-content\/uploads\/2021\/03\/image-14-1024x478.png\" alt=\"\" class=\"wp-image-232\" srcset=\"https:\/\/mario-storz.de\/wp-content\/uploads\/2021\/03\/image-14-1024x478.png 1024w, https:\/\/mario-storz.de\/wp-content\/uploads\/2021\/03\/image-14-300x140.png 300w, https:\/\/mario-storz.de\/wp-content\/uploads\/2021\/03\/image-14-768x359.png 768w, https:\/\/mario-storz.de\/wp-content\/uploads\/2021\/03\/image-14.png 1276w\" sizes=\"(max-width: 1024px) 100vw, 1024px\" \/><\/figure>\n\n\n\n<h6><strong>B\u00fcrgernahe Verwaltung<\/strong><\/h6>\n\n\n\n<p>Eine b\u00fcrgernahe und informative Verwaltung ist mir sehr wichtig. Darum habe ich eine ausf\u00fchrliche Berichterstattung zu aktuellen Themen und \u00fcber Sitzungen des Gemeinderates im Amtsblatt eingef\u00fchrt. Zudem stehen die Gemeinderatsunterlagen f\u00fcr die B\u00fcrgerinnen und B\u00fcrger online auf der Homepage der Gemeinde zur Verf\u00fcgung. Auch eine regelm\u00e4\u00dfige B\u00fcrgersprechstunde wurde von mir ins Leben gerufen, die gut angenommen wird.<\/p>\n\n\n\n<p>Durchgef\u00fchrte B\u00fcrgerinfoveranstaltungen zu:<\/p>\n\n\n\n<ul><li>Umfassende B\u00fcrgerbeteiligung zum Gemeindeentwicklungskonzept<\/li><li>Windkraft Hochfleck<\/li><li>Unterbringung von Fl\u00fcchtlingen<\/li><li>Bahnhaltepunkt \u201eSchulzentrum\u201c, Trochtelfinger Stra\u00dfe Gro\u00dfengstingen<\/li><li>Feuerwehrbedarfsplan mit Mannschaft Feuerwehr<\/li><li>Baugebiete \u201eSchaf\u00e4cker\u201c und \u201eHinter Berg\u201c<\/li><li>Tag der Demokratie im Jugendhaus<\/li><li>Planspiel zur Energiewende<\/li><li>IHK vor Ort f\u00fcr Gewerbetreibende<\/li><\/ul>\n\n\n\n<figure class=\"wp-block-image size-large\"><img loading=\"lazy\" width=\"1024\" height=\"478\" src=\"https:\/\/mario-storz.de\/wp-content\/uploads\/2021\/03\/image-15-1024x478.png\" alt=\"\" class=\"wp-image-233\" srcset=\"https:\/\/mario-storz.de\/wp-content\/uploads\/2021\/03\/image-15-1024x478.png 1024w, https:\/\/mario-storz.de\/wp-content\/uploads\/2021\/03\/image-15-300x140.png 300w, https:\/\/mario-storz.de\/wp-content\/uploads\/2021\/03\/image-15-768x359.png 768w, https:\/\/mario-storz.de\/wp-content\/uploads\/2021\/03\/image-15.png 1276w\" sizes=\"(max-width: 1024px) 100vw, 1024px\" \/><\/figure>\n\n\n\n<blockquote class=\"wp-block-quote\"><p><strong>Meine Ziele f\u00fcr eine zweite Amtszeit:<\/strong><\/p><\/blockquote>\n\n\n\n<ul><li>Angebote f\u00fcr und zur Einbindung von Senioren im Hinblick auf den demographischen Wandel<\/li><li>Digitalisierung der Verwaltung, Einf\u00fchrung einer B\u00fcrger-App<\/li><li>Erarbeitung eines Konzepts und Etablierung von Formaten zur Jugendbeteiligung<\/li><\/ul>\n","protected":false},"excerpt":{"rendered":"<p>Gemeindefinanzen In den vergangenen Jahren konnten wir in der Gemeinde Engstingen viele Projekte umsetzen, vieles sanieren und modernisieren und aufgelaufene Investitionsstaus nacheinander abbauen. Dank einer guten und stabilen Konjunktur sowie Dank hoher Zusch\u00fcsse konnten wir trotz gro\u00dfer Investitionen unsere Verschuldung von 3,5 Mio. im Jahr 2013 auf 1,9 Mio. Ende 2020 absenken und sogar R\u00fccklagen [&hellip;]<\/p>\n","protected":false},"author":1,"featured_media":0,"parent":0,"menu_order":0,"comment_status":"closed","ping_status":"closed","template":"","meta":[],"_links":{"self":[{"href":"https:\/\/mario-storz.de\/index.php?rest_route=\/wp\/v2\/pages\/51"}],"collection":[{"href":"https:\/\/mario-storz.de\/index.php?rest_route=\/wp\/v2\/pages"}],"about":[{"href":"https:\/\/mario-storz.de\/index.php?rest_route=\/wp\/v2\/types\/page"}],"author":[{"embeddable":true,"href":"https:\/\/mario-storz.de\/index.php?rest_route=\/wp\/v2\/users\/1"}],"replies":[{"embeddable":true,"href":"https:\/\/mario-storz.de\/index.php?rest_route=%2Fwp%2Fv2%2Fcomments&post=51"}],"version-history":[{"count":4,"href":"https:\/\/mario-storz.de\/index.php?rest_route=\/wp\/v2\/pages\/51\/revisions"}],"predecessor-version":[{"id":271,"href":"https:\/\/mario-storz.de\/index.php?rest_route=\/wp\/v2\/pages\/51\/revisions\/271"}],"wp:attachment":[{"href":"https:\/\/mario-storz.de\/index.php?rest_route=%2Fwp%2Fv2%2Fmedia&parent=51"}],"curies":[{"name":"wp","href":"https:\/\/api.w.org\/{rel}","templated":true}]}}