{"id":47,"date":"2021-03-09T09:38:04","date_gmt":"2021-03-09T09:38:04","guid":{"rendered":"https:\/\/mario-storz.de\/?page_id=47"},"modified":"2021-03-24T07:03:59","modified_gmt":"2021-03-24T07:03:59","slug":"feuerwehr","status":"publish","type":"page","link":"https:\/\/mario-storz.de\/?page_id=47","title":{"rendered":"Sicherheit und Ordnung"},"content":{"rendered":"\n<h6><strong>Feuerwehr und DRK<\/strong><\/h6>\n\n\n\n<p>Unsere freiwillige Feuerwehr Engstingen und unser DRK Engstingen-Hohenstein sind Tag und Nacht f\u00fcr unsere Sicherheit da, darum ist es mir wichtig, dieses Ehrenamt auch bestm\u00f6glich zu unterst\u00fctzen.<\/p>\n\n\n\n<p>F\u00fcr die Feuerwehr \u2013 Abteilung Kohlstetten wurde ein Mannschaftstransportwagen (MTW) beschafft. Die Beschaffung eines MTW f\u00fcr die Abteilung Gro\u00dfengstingen ist dieses Jahr geplant.<\/p>\n\n\n\n<figure class=\"wp-block-image size-large\"><img loading=\"lazy\" width=\"1024\" height=\"478\" src=\"https:\/\/mario-storz.de\/wp-content\/uploads\/2021\/03\/image-11-1024x478.png\" alt=\"\" class=\"wp-image-224\" srcset=\"https:\/\/mario-storz.de\/wp-content\/uploads\/2021\/03\/image-11-1024x478.png 1024w, https:\/\/mario-storz.de\/wp-content\/uploads\/2021\/03\/image-11-300x140.png 300w, https:\/\/mario-storz.de\/wp-content\/uploads\/2021\/03\/image-11-768x359.png 768w, https:\/\/mario-storz.de\/wp-content\/uploads\/2021\/03\/image-11.png 1276w\" sizes=\"(max-width: 1024px) 100vw, 1024px\" \/><\/figure>\n\n\n\n<p>F\u00fcr die Gesamtwehr wurde ein Feuerwehrbedarfsplan erstellt, der insbesondere den Neubau eines Feuerwehrhauses an zentraler Stelle f\u00fcr die Abteilungen Gro\u00df- und Kleinengstingen vorsieht. Die entsprechenden \u00dcberlegungen und Vorplanungen zu diesem Projekt laufen bereits zusammen mit der Feuerwehr.<\/p>\n\n\n\n<p>Das DRK Engstingen-Hohenstein ist bei uns im Backhaus Kleinengstingen untergebracht, hier steht die Verl\u00e4ngerung des Mietvertrages an. Gerne m\u00f6chte ich dem DRK-Ortsverein auch k\u00fcnftig eine Perspektive am Standort Engstingen bieten und daher den Mietvertrag entsprechend verl\u00e4ngern.<\/p>\n\n\n\n<blockquote class=\"wp-block-quote\"><p><strong>Meine Ziele f\u00fcr eine zweite Amtszeit:<\/strong><\/p><\/blockquote>\n\n\n\n<ul><li>Planung und Neubau eines gemeinsamen Feuerwehrhauses f\u00fcr die Abteilungen Gro\u00dfengstingen und Kleinengstingen im Bereich der neuen Ortsmitte<\/li><li>Eine weiterhin gute Ausstattung unserer Feuerwehr gem\u00e4\u00df des Feuerwehrbedarfsplans<\/li><li>Verl\u00e4ngerung des Mietvertrages f\u00fcr das Backhaus Kleinengstingen mit dem DRK-Ortsverein<\/li><\/ul>\n\n\n\n<figure class=\"wp-block-image size-large\"><img loading=\"lazy\" width=\"1024\" height=\"478\" src=\"https:\/\/mario-storz.de\/wp-content\/uploads\/2021\/03\/image-12-1024x478.png\" alt=\"\" class=\"wp-image-225\" srcset=\"https:\/\/mario-storz.de\/wp-content\/uploads\/2021\/03\/image-12-1024x478.png 1024w, https:\/\/mario-storz.de\/wp-content\/uploads\/2021\/03\/image-12-300x140.png 300w, https:\/\/mario-storz.de\/wp-content\/uploads\/2021\/03\/image-12-768x359.png 768w, https:\/\/mario-storz.de\/wp-content\/uploads\/2021\/03\/image-12.png 1276w\" sizes=\"(max-width: 1024px) 100vw, 1024px\" \/><\/figure>\n\n\n\n<h6><strong>Kommunaler Ordnungsdienst und Polizei<\/strong><\/h6>\n\n\n\n<p>\u00d6ffentliche Sicherheit ist ein Grundbed\u00fcrfnis f\u00fcr alle B\u00fcrgerinnen und B\u00fcrger. Wir leben in Engstingen in einer sehr sicheren Gemeinde und wir m\u00f6chten, dass dies auch k\u00fcnftig so bleibt.<\/p>\n\n\n\n<p>Daher haben wir im Gemeinderat entschieden, in Kooperation mit den Gemeinden Sonnenb\u00fchl und Lichtenstein einen interkommunalen Ordnungsdienst einzuf\u00fchren. Dieser wird k\u00fcnftig die Einhaltung von Regeln und Vorgaben kontrollieren und \u00fcberwachen.<\/p>\n\n\n\n<p>Des Weiteren ist Engstingen Standort des Polizeipostens Alb, dieser soll im Rahmen einer Zentralisierung k\u00fcnftig am Standort Engstingen noch verst\u00e4rkt und ausgebaut werden.<\/p>\n\n\n\n<blockquote class=\"wp-block-quote\"><p><strong>Meine Ziele f\u00fcr eine zweite Amtszeit:<\/strong><\/p><\/blockquote>\n\n\n\n<ul><li>Umsetzung der Einf\u00fchrung eines interkommunalen Ordnungsdienstes zusammen mit den Gemeinden Sonnenb\u00fchl und Lichtenstein<\/li><li>St\u00e4rkung und Neubau des Polizeipostens Alb am Standort Engstingen<\/li><\/ul>\n","protected":false},"excerpt":{"rendered":"<p>Feuerwehr und DRK Unsere freiwillige Feuerwehr Engstingen und unser DRK Engstingen-Hohenstein sind Tag und Nacht f\u00fcr unsere Sicherheit da, darum ist es mir wichtig, dieses Ehrenamt auch bestm\u00f6glich zu unterst\u00fctzen. F\u00fcr die Feuerwehr \u2013 Abteilung Kohlstetten wurde ein Mannschaftstransportwagen (MTW) beschafft. Die Beschaffung eines MTW f\u00fcr die Abteilung Gro\u00dfengstingen ist dieses Jahr geplant. F\u00fcr die [&hellip;]<\/p>\n","protected":false},"author":1,"featured_media":0,"parent":0,"menu_order":0,"comment_status":"closed","ping_status":"closed","template":"","meta":[],"_links":{"self":[{"href":"https:\/\/mario-storz.de\/index.php?rest_route=\/wp\/v2\/pages\/47"}],"collection":[{"href":"https:\/\/mario-storz.de\/index.php?rest_route=\/wp\/v2\/pages"}],"about":[{"href":"https:\/\/mario-storz.de\/index.php?rest_route=\/wp\/v2\/types\/page"}],"author":[{"embeddable":true,"href":"https:\/\/mario-storz.de\/index.php?rest_route=\/wp\/v2\/users\/1"}],"replies":[{"embeddable":true,"href":"https:\/\/mario-storz.de\/index.php?rest_route=%2Fwp%2Fv2%2Fcomments&post=47"}],"version-history":[{"count":5,"href":"https:\/\/mario-storz.de\/index.php?rest_route=\/wp\/v2\/pages\/47\/revisions"}],"predecessor-version":[{"id":270,"href":"https:\/\/mario-storz.de\/index.php?rest_route=\/wp\/v2\/pages\/47\/revisions\/270"}],"wp:attachment":[{"href":"https:\/\/mario-storz.de\/index.php?rest_route=%2Fwp%2Fv2%2Fmedia&parent=47"}],"curies":[{"name":"wp","href":"https:\/\/api.w.org\/{rel}","templated":true}]}}