{"id":45,"date":"2021-03-09T09:37:42","date_gmt":"2021-03-09T09:37:42","guid":{"rendered":"https:\/\/mario-storz.de\/?page_id=45"},"modified":"2021-03-24T07:03:27","modified_gmt":"2021-03-24T07:03:27","slug":"gewerbepark-haid","status":"publish","type":"page","link":"https:\/\/mario-storz.de\/?page_id=45","title":{"rendered":"Wirtschaft, Gewerbe, Nahversorgung"},"content":{"rendered":"\n<h6><strong>Wirtschaft und Gewerbe<\/strong><\/h6>\n\n\n\n<p>Im Gewerbepark Engstingen-Haid wurde das Erweiterungsgebiet Haid-Nord erschlossen und die Grundst\u00fccke sind erfolgreich in der Vermarktung. Die ersten Firmen konnten bereits neu bauen. Neben der erfolgreichen Ansiedlung eines Postverteilzentrums konnte auch das Kreisforstamt als Nachmieter f\u00fcr das Notariat auf der Haid gefunden werden. <\/p>\n\n\n\n<figure class=\"wp-block-image size-large\"><img loading=\"lazy\" width=\"1024\" height=\"478\" src=\"https:\/\/mario-storz.de\/wp-content\/uploads\/2021\/03\/image-7-1024x478.png\" alt=\"\" class=\"wp-image-218\" srcset=\"https:\/\/mario-storz.de\/wp-content\/uploads\/2021\/03\/image-7-1024x478.png 1024w, https:\/\/mario-storz.de\/wp-content\/uploads\/2021\/03\/image-7-300x140.png 300w, https:\/\/mario-storz.de\/wp-content\/uploads\/2021\/03\/image-7-768x359.png 768w, https:\/\/mario-storz.de\/wp-content\/uploads\/2021\/03\/image-7.png 1276w\" sizes=\"(max-width: 1024px) 100vw, 1024px\" \/><\/figure>\n\n\n\n<p>Die wichtigste Bauma\u00dfnahme war jedoch die Erschlie\u00dfung des gesamten Gewerbeparks mit Glasfaser bis in jedes Geb\u00e4ude. Somit steht den Gewerbebetrieben die derzeit technisch bestm\u00f6gliche Internetversorgung zur Verf\u00fcgung. Ein wichtiger Standortvorteil im l\u00e4ndlichen Raum.<\/p>\n\n\n\n<p>F\u00fcr unsere Sportvereine wurde zudem die Laufbahn auf dem Sportgel\u00e4nde Haid komplett saniert. 2017 musste der Gewerbepark Haid die Havarie des G\u00e4rsubstratbeh\u00e4lters der Firma BIGA verkraften und konnte wenige Monate sp\u00e4ter mit einem Tag der offenen T\u00fcr sein 25-j\u00e4hriges Bestehen feiern.<\/p>\n\n\n\n<blockquote class=\"wp-block-quote\"><p><strong>Meine Ziele f\u00fcr eine zweite Amtszeit:<\/strong><\/p><\/blockquote>\n\n\n\n<ul><li>Weiterentwicklung des Gewerbestandorts Gewerbepark Engstingen-Haid, die Fl\u00e4chen gehen schon wieder zur Neige, bzw. sind ver\u00e4u\u00dfert<\/li><li>Ausweisung von weiteren gewerblichen Fl\u00e4chen auf der Gemarkung Engstingen<\/li><\/ul>\n\n\n\n<figure class=\"wp-block-image size-large\"><img loading=\"lazy\" width=\"1024\" height=\"478\" src=\"https:\/\/mario-storz.de\/wp-content\/uploads\/2021\/03\/image-10-1024x478.png\" alt=\"\" class=\"wp-image-221\" srcset=\"https:\/\/mario-storz.de\/wp-content\/uploads\/2021\/03\/image-10-1024x478.png 1024w, https:\/\/mario-storz.de\/wp-content\/uploads\/2021\/03\/image-10-300x140.png 300w, https:\/\/mario-storz.de\/wp-content\/uploads\/2021\/03\/image-10-768x359.png 768w, https:\/\/mario-storz.de\/wp-content\/uploads\/2021\/03\/image-10.png 1276w\" sizes=\"(max-width: 1024px) 100vw, 1024px\" \/><\/figure>\n\n\n\n<h6><strong>Nahversorgung<\/strong><\/h6>\n\n\n\n<p>Die Nahversorgung in der Gemeinde Engstingen ist f\u00fcr eine Gemeinde unserer Gr\u00f6\u00dfe \u00fcberdurchschnittlich gut und das soll auch so bleiben. Engstingen \u00fcbernimmt hier eine wichtige Versorgungsfunktion f\u00fcr das Umland und ist ein beliebter Einkaufsstandort.<\/p>\n\n\n\n<p>Unsere \u00f6rtlichen Dienstleister und Gewerbetreibenden sind dabei f\u00fcr uns wichtige und unverzichtbare Partner.<\/p>\n\n\n\n<p>Die Ansiedlung des EDEKA-Markts war gleich zu Beginn meiner Amtszeit ein schwieriges und arbeitsintensives Projekt, das damals geh\u00f6rig ins Stocken geraten war. Dank vieler und intensiver Gespr\u00e4che mit Grundst\u00fcckseigent\u00fcmern und Genehmigungsbeh\u00f6rden konnte das Projekt schlie\u00dflich 2019 doch noch erfolgreich umgesetzt werden.<\/p>\n\n\n\n<blockquote class=\"wp-block-quote\"><p><strong>Meine Ziele f\u00fcr eine zweite Amtszeit:<\/strong><\/p><\/blockquote>\n\n\n\n<ul><li>Fortsetzung des guten und regelm\u00e4\u00dfigen Austauschs mit unseren Gewerbetreibenden<\/li><li>Pr\u00fcfung eines Markenbildungsprozesses f\u00fcr den Gewerbestandort Engstingen<\/li><\/ul>\n","protected":false},"excerpt":{"rendered":"<p>Wirtschaft und Gewerbe Im Gewerbepark Engstingen-Haid wurde das Erweiterungsgebiet Haid-Nord erschlossen und die Grundst\u00fccke sind erfolgreich in der Vermarktung. Die ersten Firmen konnten bereits neu bauen. Neben der erfolgreichen Ansiedlung eines Postverteilzentrums konnte auch das Kreisforstamt als Nachmieter f\u00fcr das Notariat auf der Haid gefunden werden. Die wichtigste Bauma\u00dfnahme war jedoch die Erschlie\u00dfung des gesamten [&hellip;]<\/p>\n","protected":false},"author":1,"featured_media":0,"parent":0,"menu_order":0,"comment_status":"closed","ping_status":"closed","template":"","meta":[],"_links":{"self":[{"href":"https:\/\/mario-storz.de\/index.php?rest_route=\/wp\/v2\/pages\/45"}],"collection":[{"href":"https:\/\/mario-storz.de\/index.php?rest_route=\/wp\/v2\/pages"}],"about":[{"href":"https:\/\/mario-storz.de\/index.php?rest_route=\/wp\/v2\/types\/page"}],"author":[{"embeddable":true,"href":"https:\/\/mario-storz.de\/index.php?rest_route=\/wp\/v2\/users\/1"}],"replies":[{"embeddable":true,"href":"https:\/\/mario-storz.de\/index.php?rest_route=%2Fwp%2Fv2%2Fcomments&post=45"}],"version-history":[{"count":5,"href":"https:\/\/mario-storz.de\/index.php?rest_route=\/wp\/v2\/pages\/45\/revisions"}],"predecessor-version":[{"id":269,"href":"https:\/\/mario-storz.de\/index.php?rest_route=\/wp\/v2\/pages\/45\/revisions\/269"}],"wp:attachment":[{"href":"https:\/\/mario-storz.de\/index.php?rest_route=%2Fwp%2Fv2%2Fmedia&parent=45"}],"curies":[{"name":"wp","href":"https:\/\/api.w.org\/{rel}","templated":true}]}}