{"id":41,"date":"2021-03-09T09:36:16","date_gmt":"2021-03-09T09:36:16","guid":{"rendered":"https:\/\/mario-storz.de\/?page_id=41"},"modified":"2021-03-22T14:07:59","modified_gmt":"2021-03-22T14:07:59","slug":"klimaschutz","status":"publish","type":"page","link":"https:\/\/mario-storz.de\/?page_id=41","title":{"rendered":"Klimaschutz und Nachhaltigkeit"},"content":{"rendered":"\n<p>Neben der Sanierung der Schulgeb\u00e4ude und dem Einbau einer klimafreundlicheren Pellet-Heizung im Schulzentrum und in der Freib\u00fchlhalle hat die Gemeinde Engstingen 2019 den Beitritt zur Klimaschutzagentur Reutlingen beschlossen. Der Aufbau von E-Lades\u00e4ulen bei den Rath\u00e4usern in Gro\u00df- und Kleinengstingen, die Umstellung der Stra\u00dfenbeleuchtung auf LED-Leuchten und die Modernisierung der L\u00fcftungsanlage in der Freib\u00fchlhalle waren ebenfalls aktive Beitr\u00e4ge zum Klimaschutz.<\/p>\n\n\n\n<p>Derzeit l\u00e4uft die Einf\u00fchrung eines kommunales Energiemanagements in Zusammenarbeit mit der Klimaschutzagentur und in diesem Jahr soll das Projekt \u201eFokusberatung Klimaschutz\u201c durchgef\u00fchrt werden. Zudem wurde der Strombezug der Gemeinde inzwischen auf \u00d6ko-Strom umgestellt. Auch die Pflanzung von B\u00e4umen im Gemeindewald im Rahmen des Projekts 1000 B\u00e4ume in 1000 Gemeinden tr\u00e4gt aktiv zur CO2-Reduzierung bei.<\/p>\n\n\n\n<p>Bereits jetzt wird laut dem aktuellen Energiemonitor der EnBW im Gebiet der Gemeinde Engstingen mehr Strom aus regenerativen Energien in das Stromnetz eingespeist, als insgesamt in unserer Gemeinde Strom verbraucht wird.<\/p>\n\n\n\n<figure class=\"wp-block-image size-large\"><img loading=\"lazy\" width=\"1024\" height=\"478\" src=\"https:\/\/mario-storz.de\/wp-content\/uploads\/2021\/03\/image-13-1024x478.png\" alt=\"\" class=\"wp-image-228\" srcset=\"https:\/\/mario-storz.de\/wp-content\/uploads\/2021\/03\/image-13-1024x478.png 1024w, https:\/\/mario-storz.de\/wp-content\/uploads\/2021\/03\/image-13-300x140.png 300w, https:\/\/mario-storz.de\/wp-content\/uploads\/2021\/03\/image-13-768x359.png 768w, https:\/\/mario-storz.de\/wp-content\/uploads\/2021\/03\/image-13.png 1276w\" sizes=\"(max-width: 1024px) 100vw, 1024px\" \/><\/figure>\n\n\n\n<blockquote class=\"wp-block-quote\"><p><strong>Meine Ziele f\u00fcr eine zweite Amtszeit:<\/strong><\/p><\/blockquote>\n\n\n\n<ul><li>Umsetzung des Kommunalen Energiemanagements<\/li><li>Durchf\u00fchrung des Projekts Fokusberatung Klimaschutz in 2021<\/li><li>Weitere Projekte mit der Klimaschutzagentur Reutlingen<\/li><li>Eigene Ma\u00dfnahmen beim Ausbau erneuerbarer Energien<\/li><\/ul>\n","protected":false},"excerpt":{"rendered":"<p>Neben der Sanierung der Schulgeb\u00e4ude und dem Einbau einer klimafreundlicheren Pellet-Heizung im Schulzentrum und in der Freib\u00fchlhalle hat die Gemeinde Engstingen 2019 den Beitritt zur Klimaschutzagentur Reutlingen beschlossen. Der Aufbau von E-Lades\u00e4ulen bei den Rath\u00e4usern in Gro\u00df- und Kleinengstingen, die Umstellung der Stra\u00dfenbeleuchtung auf LED-Leuchten und die Modernisierung der L\u00fcftungsanlage in der Freib\u00fchlhalle waren ebenfalls [&hellip;]<\/p>\n","protected":false},"author":1,"featured_media":0,"parent":0,"menu_order":0,"comment_status":"closed","ping_status":"closed","template":"","meta":[],"_links":{"self":[{"href":"https:\/\/mario-storz.de\/index.php?rest_route=\/wp\/v2\/pages\/41"}],"collection":[{"href":"https:\/\/mario-storz.de\/index.php?rest_route=\/wp\/v2\/pages"}],"about":[{"href":"https:\/\/mario-storz.de\/index.php?rest_route=\/wp\/v2\/types\/page"}],"author":[{"embeddable":true,"href":"https:\/\/mario-storz.de\/index.php?rest_route=\/wp\/v2\/users\/1"}],"replies":[{"embeddable":true,"href":"https:\/\/mario-storz.de\/index.php?rest_route=%2Fwp%2Fv2%2Fcomments&post=41"}],"version-history":[{"count":5,"href":"https:\/\/mario-storz.de\/index.php?rest_route=\/wp\/v2\/pages\/41\/revisions"}],"predecessor-version":[{"id":230,"href":"https:\/\/mario-storz.de\/index.php?rest_route=\/wp\/v2\/pages\/41\/revisions\/230"}],"wp:attachment":[{"href":"https:\/\/mario-storz.de\/index.php?rest_route=%2Fwp%2Fv2%2Fmedia&parent=41"}],"curies":[{"name":"wp","href":"https:\/\/api.w.org\/{rel}","templated":true}]}}