{"id":4,"date":"2021-03-09T08:04:30","date_gmt":"2021-03-09T08:04:30","guid":{"rendered":"https:\/\/mario-storz.de\/?page_id=4"},"modified":"2021-03-22T14:24:12","modified_gmt":"2021-03-22T14:24:12","slug":"willkommen-auf-https-mario-storz-de","status":"publish","type":"page","link":"https:\/\/mario-storz.de\/","title":{"rendered":"Liebe Mitb\u00fcrgerinnen und Mitb\u00fcrger von Gro\u00dfengstingen, Kleinengstingen und Kohlstetten,"},"content":{"rendered":"\n<p>seit 2013 darf ich das spannende, herausfordernde, aber auch erf\u00fcllende Amt des B\u00fcrgermeisters aus\u00fcben. Gleich zum Beginn der Bewerbungsfrist habe ich meine Bewerbungsunterlagen in den Briefkasten des Rathauses Gro\u00dfengstingen eingeworfen und mich um eine zweite Amtszeit bei der anstehenden B\u00fcrgermeisterwahl am 09. Mai 2021 beworben.<\/p>\n\n\n\n<p>Ich f\u00fchle ich mich in der Gemeinde Engstingen gut angekommen und gut angenommen und ich glaube sagen zu k\u00f6nnen, dass ich inzwischen in der Gemeinde und dar\u00fcber hinaus gut vernetzt bin. Vieles konnte in den vergangenen siebeneinhalb Jahren in unserer sch\u00f6nen Gemeinde umgesetzt, gestaltet, modernisiert und entwickelt werden, viele Projekte und Ideen sind derzeit am Werden und am Entstehen und die Zukunft h\u00e4lt mit Sicherheit auch weiterhin spannende Herausforderungen f\u00fcr uns bereit.<\/p>\n\n\n\n<figure class=\"wp-block-image size-large\"><img loading=\"lazy\" width=\"1024\" height=\"478\" src=\"https:\/\/mario-storz.de\/wp-content\/uploads\/2021\/03\/image-18-1024x478.png\" alt=\"\" class=\"wp-image-241\" srcset=\"https:\/\/mario-storz.de\/wp-content\/uploads\/2021\/03\/image-18-1024x478.png 1024w, https:\/\/mario-storz.de\/wp-content\/uploads\/2021\/03\/image-18-300x140.png 300w, https:\/\/mario-storz.de\/wp-content\/uploads\/2021\/03\/image-18-768x359.png 768w, https:\/\/mario-storz.de\/wp-content\/uploads\/2021\/03\/image-18.png 1276w\" sizes=\"(max-width: 1024px) 100vw, 1024px\" \/><\/figure>\n\n\n\n<p>Gerne m\u00f6chte ich auch in den kommenden acht Jahren gemeinsam mit Ihnen, den B\u00fcrgerinnen und B\u00fcrgern, den Vereinen, den Kirchen, den Organisationen und Institutionen und nat\u00fcrlich mit dem Gemeinderat, den Ortschaftsr\u00e4ten und der Gemeindeverwaltung die Gemeinde Engstingen weitergestalten, weiterentwickeln und weiter voranbringen.<\/p>\n\n\n\n<p><strong>Daf\u00fcr bitte ich Sie auch weiterhin um Ihre Unterst\u00fctzung und Ihre Stimme.<\/strong><\/p>\n\n\n\n<p>Mit herzlichen Gr\u00fc\u00dfen<\/p>\n\n\n\n<p>Ihr <\/p>\n\n\n\n<figure class=\"wp-block-image size-large is-resized\"><img loading=\"lazy\" src=\"https:\/\/mario-storz.de\/wp-content\/uploads\/2021\/03\/unterschrift_-ms.jpg\" alt=\"\" class=\"wp-image-111\" width=\"141\" height=\"114\" srcset=\"https:\/\/mario-storz.de\/wp-content\/uploads\/2021\/03\/unterschrift_-ms.jpg 841w, https:\/\/mario-storz.de\/wp-content\/uploads\/2021\/03\/unterschrift_-ms-300x241.jpg 300w, https:\/\/mario-storz.de\/wp-content\/uploads\/2021\/03\/unterschrift_-ms-768x618.jpg 768w\" sizes=\"(max-width: 141px) 100vw, 141px\" \/><\/figure>\n","protected":false},"excerpt":{"rendered":"<p>seit 2013 darf ich das spannende, herausfordernde, aber auch erf\u00fcllende Amt des B\u00fcrgermeisters aus\u00fcben. Gleich zum Beginn der Bewerbungsfrist habe ich meine Bewerbungsunterlagen in den Briefkasten des Rathauses Gro\u00dfengstingen eingeworfen und mich um eine zweite Amtszeit bei der anstehenden B\u00fcrgermeisterwahl am 09. Mai 2021 beworben. Ich f\u00fchle ich mich in der Gemeinde Engstingen gut angekommen [&hellip;]<\/p>\n","protected":false},"author":1,"featured_media":0,"parent":0,"menu_order":0,"comment_status":"closed","ping_status":"open","template":"","meta":[],"_links":{"self":[{"href":"https:\/\/mario-storz.de\/index.php?rest_route=\/wp\/v2\/pages\/4"}],"collection":[{"href":"https:\/\/mario-storz.de\/index.php?rest_route=\/wp\/v2\/pages"}],"about":[{"href":"https:\/\/mario-storz.de\/index.php?rest_route=\/wp\/v2\/types\/page"}],"author":[{"embeddable":true,"href":"https:\/\/mario-storz.de\/index.php?rest_route=\/wp\/v2\/users\/1"}],"replies":[{"embeddable":true,"href":"https:\/\/mario-storz.de\/index.php?rest_route=%2Fwp%2Fv2%2Fcomments&post=4"}],"version-history":[{"count":5,"href":"https:\/\/mario-storz.de\/index.php?rest_route=\/wp\/v2\/pages\/4\/revisions"}],"predecessor-version":[{"id":242,"href":"https:\/\/mario-storz.de\/index.php?rest_route=\/wp\/v2\/pages\/4\/revisions\/242"}],"wp:attachment":[{"href":"https:\/\/mario-storz.de\/index.php?rest_route=%2Fwp%2Fv2%2Fmedia&parent=4"}],"curies":[{"name":"wp","href":"https:\/\/api.w.org\/{rel}","templated":true}]}}