{"id":35,"date":"2021-03-09T09:34:14","date_gmt":"2021-03-09T09:34:14","guid":{"rendered":"https:\/\/mario-storz.de\/?page_id=35"},"modified":"2021-03-24T07:02:12","modified_gmt":"2021-03-24T07:02:12","slug":"verkehr-verkehrssicherheit","status":"publish","type":"page","link":"https:\/\/mario-storz.de\/?page_id=35","title":{"rendered":"Verkehr und Breitbandausbau"},"content":{"rendered":"\n<h6><strong>Verkehr und Verkehrssicherheit<\/strong><\/h6>\n\n\n\n<p>Auch beim Thema Verkehr und Verkehrssicherheit hat sich in den vergangenen Jahren in unserer Gemeinde viel bewegt:<\/p>\n\n\n\n<p>Im Zuge der Flurbereinigung wurde der Geh-, Rad- und Wirtschaftsweg entlang der B 313 zwischen Gro\u00dfengstingen und der Haid saniert. F\u00fcr die Siedlung Berg wurde die lange gew\u00fcnschte zweite Zufahrt \u00fcber die Meidelstetter Stra\u00dfe gebaut.<\/p>\n\n\n\n<p>Das Wegebauprogramm im Rahmen der Flurbereinigung Gro\u00dfengstingen \/ Kleinengstingen wurde fertiggestellt.<\/p>\n\n\n\n<p>Die Bahnstrecke M\u00fcnsingen-Engstingen-Gammertingen wurde wieder in Betrieb genommen und im Ortsteil Gro\u00dfengstingen wurde der Bahnhaltepunkt \u201eSchulzentrum\u201c neu gebaut.<\/p>\n\n\n\n<p>S\u00e4mtliche Bahn\u00fcberg\u00e4nge wurden innerorts saniert und technisch gesichert.<\/p>\n\n\n\n<figure class=\"wp-block-image size-large\"><img loading=\"lazy\" width=\"1024\" height=\"478\" src=\"https:\/\/mario-storz.de\/wp-content\/uploads\/2021\/03\/image-6-1024x478.png\" alt=\"\" class=\"wp-image-214\" srcset=\"https:\/\/mario-storz.de\/wp-content\/uploads\/2021\/03\/image-6-1024x478.png 1024w, https:\/\/mario-storz.de\/wp-content\/uploads\/2021\/03\/image-6-300x140.png 300w, https:\/\/mario-storz.de\/wp-content\/uploads\/2021\/03\/image-6-768x359.png 768w, https:\/\/mario-storz.de\/wp-content\/uploads\/2021\/03\/image-6.png 1276w\" sizes=\"(max-width: 1024px) 100vw, 1024px\" \/><\/figure>\n\n\n\n<p>Der Kreisverkehr an der Friedhofskreuzung kann nun endlich gebaut werden, Baubeginn ist voraussichtlich im August dieses Jahres.<\/p>\n\n\n\n<p>Auch der wichtige Fu\u00df- und Radweg von der Bahnhofstra\u00dfe zu den Superm\u00e4rkten im Bereich der Keltenstra\u00dfe wurde gebaut.<\/p>\n\n\n\n<p>Die Lange Stra\u00dfe \/ Kleinengstinger Stra\u00dfe wurde f\u00fcr den Schwerlastverkehr gesperrt und in der Trochtelfinger Stra\u00dfe wurde am Ortsausgang Gro\u00dfengstingen ein \u201eBlitzer\u201c zur \u00dcberwachung der Geschwindigkeit installiert.<\/p>\n\n\n\n<p>Bei den Rath\u00e4usern in Gro\u00dfengstingen und Kleinengstingen wurden jeweils Lades\u00e4ulen f\u00fcr E-Autos installiert.<\/p>\n\n\n\n<blockquote class=\"wp-block-quote\"><p><strong>Meine Ziele f\u00fcr eine zweite Amtszeit:<\/strong><\/p><\/blockquote>\n\n\n\n<ul><li>Erstellung eines Radwegekonzepts f\u00fcr die Gemeinde<\/li><li>Ausbau von Ladeinfrastruktur f\u00fcr E-Bikes<\/li><li>Fortschreitende Planung und Realisierung der Regionalstadtbahn Neckar-Alb mit Anbindung der Gemeinde Engstingen an das Oberzentrum Reutlingen \/ T\u00fcbingen durch das Echaztal<\/li><li>Dialog zur Vorplanung der Ortsumfahrung Kleinengstingen\/B 312    <br>   <\/li><\/ul>\n\n\n\n<h6><strong>Breitbandausbau \/ Digitalisierung:<\/strong><\/h6>\n\n\n\n<p>Der Breitbandausbau und die Digitalisierung sind&nbsp;vor allem auch im l\u00e4ndlichen Raum&nbsp;wichtige Themen und werden k\u00fcnftig noch mehr an Bedeutung gewinnen.<\/p>\n\n\n\n<p>Seitens der Gemeinde Engstingen haben wir daher zusammen mit unseren Partnern rund 1,4 Mio. Euro in den Breitbandausbau investiert und hierf\u00fcr vom Land rund 600.000 Euro Zuschuss erhalten.<\/p>\n\n\n\n<figure class=\"wp-block-image size-large\"><img loading=\"lazy\" width=\"1024\" height=\"478\" src=\"https:\/\/mario-storz.de\/wp-content\/uploads\/2021\/03\/image-5-1024x478.png\" alt=\"\" class=\"wp-image-213\" srcset=\"https:\/\/mario-storz.de\/wp-content\/uploads\/2021\/03\/image-5-1024x478.png 1024w, https:\/\/mario-storz.de\/wp-content\/uploads\/2021\/03\/image-5-300x140.png 300w, https:\/\/mario-storz.de\/wp-content\/uploads\/2021\/03\/image-5-768x359.png 768w, https:\/\/mario-storz.de\/wp-content\/uploads\/2021\/03\/image-5.png 1276w\" sizes=\"(max-width: 1024px) 100vw, 1024px\" \/><\/figure>\n\n\n\n<blockquote class=\"wp-block-quote\"><p><strong>Meine Ziele f\u00fcr eine zweite Amtszeit:<\/strong><\/p><\/blockquote>\n\n\n\n<ul><li>Weiterer Ausbau der Breitbandinfrastruktur in der Gemeinde unter Zuhilfenahme entsprechender F\u00f6rderprogramme<\/li><li>Ausbau digitaler Angebote der Verwaltung und digitaler Beteiligungsm\u00f6glichkeiten<\/li><li>Fortf\u00fchrung der Digitalisierung an den Schulen mit entsprechender F\u00f6rderung aus dem Digitalpakt<\/li><\/ul>\n\n\n\n<p><\/p>\n","protected":false},"excerpt":{"rendered":"<p>Verkehr und Verkehrssicherheit Auch beim Thema Verkehr und Verkehrssicherheit hat sich in den vergangenen Jahren in unserer Gemeinde viel bewegt: Im Zuge der Flurbereinigung wurde der Geh-, Rad- und Wirtschaftsweg entlang der B 313 zwischen Gro\u00dfengstingen und der Haid saniert. F\u00fcr die Siedlung Berg wurde die lange gew\u00fcnschte zweite Zufahrt \u00fcber die Meidelstetter Stra\u00dfe gebaut. [&hellip;]<\/p>\n","protected":false},"author":1,"featured_media":0,"parent":0,"menu_order":0,"comment_status":"closed","ping_status":"closed","template":"","meta":[],"_links":{"self":[{"href":"https:\/\/mario-storz.de\/index.php?rest_route=\/wp\/v2\/pages\/35"}],"collection":[{"href":"https:\/\/mario-storz.de\/index.php?rest_route=\/wp\/v2\/pages"}],"about":[{"href":"https:\/\/mario-storz.de\/index.php?rest_route=\/wp\/v2\/types\/page"}],"author":[{"embeddable":true,"href":"https:\/\/mario-storz.de\/index.php?rest_route=\/wp\/v2\/users\/1"}],"replies":[{"embeddable":true,"href":"https:\/\/mario-storz.de\/index.php?rest_route=%2Fwp%2Fv2%2Fcomments&post=35"}],"version-history":[{"count":14,"href":"https:\/\/mario-storz.de\/index.php?rest_route=\/wp\/v2\/pages\/35\/revisions"}],"predecessor-version":[{"id":268,"href":"https:\/\/mario-storz.de\/index.php?rest_route=\/wp\/v2\/pages\/35\/revisions\/268"}],"wp:attachment":[{"href":"https:\/\/mario-storz.de\/index.php?rest_route=%2Fwp%2Fv2%2Fmedia&parent=35"}],"curies":[{"name":"wp","href":"https:\/\/api.w.org\/{rel}","templated":true}]}}