{"id":33,"date":"2021-03-09T09:33:24","date_gmt":"2021-03-09T09:33:24","guid":{"rendered":"https:\/\/mario-storz.de\/?page_id=33"},"modified":"2021-03-24T07:00:45","modified_gmt":"2021-03-24T07:00:45","slug":"erfolgreiche-sanierungsprojekte","status":"publish","type":"page","link":"https:\/\/mario-storz.de\/?page_id=33","title":{"rendered":"Sanierungsprojekte"},"content":{"rendered":"\n<h6><strong>Sanierungsprogramm Gro\u00dfengstingen<\/strong><\/h6>\n\n\n\n<p>Im Ortsteil Gro\u00dfengstingen konnte die Gemeinde mit dem Kauf und der Entwicklung des \u201eAdler-Areals\u201c sowie mit dem Bau eines Unterst\u00fctzungszentrums der BruderhausDiakonie das seit 2006 laufende Sanierungsprogramm \u201eOrtskern Gro\u00dfengstingen\u201c erfolgreich abschlie\u00dfen. Mit dieser Ma\u00dfnahme haben wir in Gro\u00dfengstingen innerorts neuen, wichtigen Wohnraum und Platz f\u00fcr Gewerbe schaffen. Auch im Bereich der M\u00fchlstra\u00dfe und der Silcherstra\u00dfe ist neuer Wohnraum entstanden.<\/p>\n\n\n\n<h6><strong>Sanierung Friedrichstra\u00dfe und Sternbergstra\u00dfe Kleinengstingen<\/strong><\/h6>\n\n\n\n<p>In Kleinengstingen konnten wir die Friedrichstra\u00dfe vollst\u00e4ndig mit Wasserversorgung, Kanalisation und Stra\u00dfenaufbau sanieren. Die Sanierung der Sternbergstra\u00dfe wird in diesem Jahr umgesetzt.<\/p>\n\n\n\n<h6><strong>Ortskernsanierung Kohlstetten mit Friedhofsmauer<\/strong><\/h6>\n\n\n\n<p>Im Ortsteil Kohlstetten konnte die Gemeinde wichtige Grundst\u00fccke im Bereich der Hauptstra\u00dfe und \u201eIm G\u00e4ssle\u201c erwerben, die alten Geb\u00e4ude abbrechen, die Grundst\u00fccke neu ordnen und als inner\u00f6rtliche Baupl\u00e4tze wieder verkaufen. Das \u201eG\u00e4ssle\u201c wurde neugestaltet und die marode Friedhofsmauer wurde mit Hilfe eines tollen b\u00fcrgerschaftlichen Engagements grundlegend saniert. Das \u201eG\u00e4ssle\u201c wurde neugestaltet und die marode Friedhofsmauer wurde mit Hilfe eines tollen b\u00fcrgerschaftlichen Engagements grundlegend saniert.<\/p>\n\n\n\n<h6><strong>Entwicklungsprogramm L\u00e4ndlicher Raum (ELR)<\/strong><\/h6>\n\n\n\n<p>Dank des Entwicklungsprogramms L\u00e4ndlicher Raum konnten zahlreiche private, kommunale und gewerbliche Projekte in unserer Gemeinde gef\u00f6rdert und umgesetzt werden.<\/p>\n\n\n\n<figure class=\"wp-block-image size-large\"><img loading=\"lazy\" width=\"1024\" height=\"501\" src=\"https:\/\/mario-storz.de\/wp-content\/uploads\/2021\/03\/image-21-1024x501.png\" alt=\"\" class=\"wp-image-249\" srcset=\"https:\/\/mario-storz.de\/wp-content\/uploads\/2021\/03\/image-21-1024x501.png 1024w, https:\/\/mario-storz.de\/wp-content\/uploads\/2021\/03\/image-21-300x147.png 300w, https:\/\/mario-storz.de\/wp-content\/uploads\/2021\/03\/image-21-768x376.png 768w, https:\/\/mario-storz.de\/wp-content\/uploads\/2021\/03\/image-21.png 1356w\" sizes=\"(max-width: 1024px) 100vw, 1024px\" \/><\/figure>\n\n\n\n<blockquote class=\"wp-block-quote\"><p><strong>Meine Ziele f\u00fcr eine zweite Amtszeit:<\/strong><\/p><\/blockquote>\n\n\n\n<ul><li>Fortsetzung der Sanierung der Schwefel- und Steinb\u00fchlstra\u00dfe sowie weitere Stra\u00dfensanierungen im Gemeindegebiet<\/li><li>Sanierung des Bahnhofs und des Bahnhofsareals Kleinengstingen in Kooperation mit der Schw\u00e4bischen Alb \u2013 Bahn<\/li><li>Notwendige Sanierung der Kl\u00e4ranlage sowie Pr\u00fcfung eines interkommunalen Projekts mit den Gemeinden Gomadingen und St. Johann<\/li><\/ul>\n","protected":false},"excerpt":{"rendered":"<p>Sanierungsprogramm Gro\u00dfengstingen Im Ortsteil Gro\u00dfengstingen konnte die Gemeinde mit dem Kauf und der Entwicklung des \u201eAdler-Areals\u201c sowie mit dem Bau eines Unterst\u00fctzungszentrums der BruderhausDiakonie das seit 2006 laufende Sanierungsprogramm \u201eOrtskern Gro\u00dfengstingen\u201c erfolgreich abschlie\u00dfen. Mit dieser Ma\u00dfnahme haben wir in Gro\u00dfengstingen innerorts neuen, wichtigen Wohnraum und Platz f\u00fcr Gewerbe schaffen. Auch im Bereich der M\u00fchlstra\u00dfe und [&hellip;]<\/p>\n","protected":false},"author":1,"featured_media":0,"parent":0,"menu_order":0,"comment_status":"closed","ping_status":"closed","template":"","meta":[],"_links":{"self":[{"href":"https:\/\/mario-storz.de\/index.php?rest_route=\/wp\/v2\/pages\/33"}],"collection":[{"href":"https:\/\/mario-storz.de\/index.php?rest_route=\/wp\/v2\/pages"}],"about":[{"href":"https:\/\/mario-storz.de\/index.php?rest_route=\/wp\/v2\/types\/page"}],"author":[{"embeddable":true,"href":"https:\/\/mario-storz.de\/index.php?rest_route=\/wp\/v2\/users\/1"}],"replies":[{"embeddable":true,"href":"https:\/\/mario-storz.de\/index.php?rest_route=%2Fwp%2Fv2%2Fcomments&post=33"}],"version-history":[{"count":11,"href":"https:\/\/mario-storz.de\/index.php?rest_route=\/wp\/v2\/pages\/33\/revisions"}],"predecessor-version":[{"id":267,"href":"https:\/\/mario-storz.de\/index.php?rest_route=\/wp\/v2\/pages\/33\/revisions\/267"}],"wp:attachment":[{"href":"https:\/\/mario-storz.de\/index.php?rest_route=%2Fwp%2Fv2%2Fmedia&parent=33"}],"curies":[{"name":"wp","href":"https:\/\/api.w.org\/{rel}","templated":true}]}}