{"id":31,"date":"2021-03-09T09:32:47","date_gmt":"2021-03-09T09:32:47","guid":{"rendered":"https:\/\/mario-storz.de\/?page_id=31"},"modified":"2021-03-24T06:35:55","modified_gmt":"2021-03-24T06:35:55","slug":"bauplaetze-schaffung-von-wohnraum","status":"publish","type":"page","link":"https:\/\/mario-storz.de\/?page_id=31","title":{"rendered":"Bauen und Wohnen"},"content":{"rendered":"\n<p>Das Thema \u201eBauen und Wohnen\u201c war und ist ein \u201eDauerbrenner\u201c in unserer Gemeinde.<\/p>\n\n\n\n<p>Die Ausweisung von neuen Baugebieten war und ist leider immer wieder begleitet von schwierigen, langwierigen und z\u00e4hen Grundst\u00fccksverhandlungen, oftmals auch mit ausw\u00e4rtigen Erbengemeinschaften. Auch befinden sich in unserer Gemeinde rund 100 sofort bebaubare Grundst\u00fccke im privaten Eigentum, die f\u00fcr Bauwillige leider nicht zur Verf\u00fcgung stehen.<\/p>\n\n\n\n<p>\u00dcberall da, wo die Gemeinde in das Eigentum von Grundst\u00fccken gelangt ist, wurden diese konsequent erschlossen, entwickelt und mit Pflicht zur Bebauung weiterverkauft. Als Beispiele seien hier die Grundst\u00fccke im Bereich \u201eGrasberg\u201c, das \u201eAdler-Areal\u201c oder die Grundst\u00fccke im Bereich \u201eG\u00e4ssle\u201c in Kohlstetten genannt.<\/p>\n\n\n\n<p>Dort, wo der zeitliche Rahmen der Bauverpflichtung nicht eingehalten wurde und es rechtlich m\u00f6glich war, wurden Grundst\u00fccke von der Gemeinde auch wieder zur\u00fcckgenommen und mit einer entsprechenden Bauverpflichtung neu vergeben.<\/p>\n\n\n\n<p>Inzwischen arbeiten wir an der konkreten Umsetzung des ersten Bauabschnitts des Baugebiets \u201eSchaf\u00e4cker\u201c, Gro\u00dfengstingen, mit 32 Baugrundst\u00fccken. Die Baugebiete \u201eWinter\u00e4cker\u201c und \u201eHinter Berg\u201c in Kleinengstingen sollen bald folgen. Der Gemeinderat hat diese Priorisierung beschlossen.<\/p>\n\n\n\n<p>Zudem konnten weitere private Wohnbauprojekte in der Meidelstetter Stra\u00dfe, der M\u00fchlstra.e, der Silcherstra\u00dfe und in der Jahnstra\u00dfe erfolgreich umgesetzt werden.<\/p>\n\n\n\n<figure class=\"wp-block-image size-large\"><img loading=\"lazy\" width=\"1024\" height=\"501\" src=\"https:\/\/mario-storz.de\/wp-content\/uploads\/2021\/03\/image-20-1024x501.png\" alt=\"\" class=\"wp-image-246\" srcset=\"https:\/\/mario-storz.de\/wp-content\/uploads\/2021\/03\/image-20-1024x501.png 1024w, https:\/\/mario-storz.de\/wp-content\/uploads\/2021\/03\/image-20-300x147.png 300w, https:\/\/mario-storz.de\/wp-content\/uploads\/2021\/03\/image-20-768x376.png 768w, https:\/\/mario-storz.de\/wp-content\/uploads\/2021\/03\/image-20.png 1356w\" sizes=\"(max-width: 1024px) 100vw, 1024px\" \/><\/figure>\n\n\n\n<blockquote class=\"wp-block-quote\"><p><strong>Meine Ziele f\u00fcr eine zweite Amtszeit:<\/strong><\/p><\/blockquote>\n\n\n\n<ul><li>Planung und Bau der \u201eNeuen Ortsmitte\u201c zwischen Gro\u00df- und Kleinengstingen mit Unterst\u00fctzung aus dem Wohnraumf\u00f6rderprogramm des Landes<\/li><li>Baugebiet \u201eSchaf\u00e4cker,\u201c Gro\u00dfengstingen, 1. Abschnitt<\/li><li>Baugebiet \u201eGassen\u00e4cker \/ Winter\u00e4cker\u201c, Kleinengstingen<\/li><li>Baugebiet \u201eHinter Berg\u201c, Kleinengstingen<\/li><li>Baugebiet \u201eSchaf\u00e4cker\u201c, Gro\u00dfengstingen, weitere Bauabschnitte<\/li><\/ul>\n","protected":false},"excerpt":{"rendered":"<p>Das Thema \u201eBauen und Wohnen\u201c war und ist ein \u201eDauerbrenner\u201c in unserer Gemeinde. Die Ausweisung von neuen Baugebieten war und ist leider immer wieder begleitet von schwierigen, langwierigen und z\u00e4hen Grundst\u00fccksverhandlungen, oftmals auch mit ausw\u00e4rtigen Erbengemeinschaften. Auch befinden sich in unserer Gemeinde rund 100 sofort bebaubare Grundst\u00fccke im privaten Eigentum, die f\u00fcr Bauwillige leider nicht [&hellip;]<\/p>\n","protected":false},"author":1,"featured_media":0,"parent":0,"menu_order":0,"comment_status":"closed","ping_status":"closed","template":"","meta":[],"_links":{"self":[{"href":"https:\/\/mario-storz.de\/index.php?rest_route=\/wp\/v2\/pages\/31"}],"collection":[{"href":"https:\/\/mario-storz.de\/index.php?rest_route=\/wp\/v2\/pages"}],"about":[{"href":"https:\/\/mario-storz.de\/index.php?rest_route=\/wp\/v2\/types\/page"}],"author":[{"embeddable":true,"href":"https:\/\/mario-storz.de\/index.php?rest_route=\/wp\/v2\/users\/1"}],"replies":[{"embeddable":true,"href":"https:\/\/mario-storz.de\/index.php?rest_route=%2Fwp%2Fv2%2Fcomments&post=31"}],"version-history":[{"count":6,"href":"https:\/\/mario-storz.de\/index.php?rest_route=\/wp\/v2\/pages\/31\/revisions"}],"predecessor-version":[{"id":248,"href":"https:\/\/mario-storz.de\/index.php?rest_route=\/wp\/v2\/pages\/31\/revisions\/248"}],"wp:attachment":[{"href":"https:\/\/mario-storz.de\/index.php?rest_route=%2Fwp%2Fv2%2Fmedia&parent=31"}],"curies":[{"name":"wp","href":"https:\/\/api.w.org\/{rel}","templated":true}]}}