{"id":29,"date":"2021-03-09T09:31:59","date_gmt":"2021-03-09T09:31:59","guid":{"rendered":"https:\/\/mario-storz.de\/?page_id=29"},"modified":"2021-03-24T06:56:14","modified_gmt":"2021-03-24T06:56:14","slug":"schule-bildung-und-kinderbetreuung","status":"publish","type":"page","link":"https:\/\/mario-storz.de\/?page_id=29","title":{"rendered":"Bildung, Betreuung und Familie"},"content":{"rendered":"\n<p>Schule, Bildung und Kinderbetreuung sind wichtige Schwerpunkte meiner Arbeit. Unsere Schulen und Kinderg\u00e4rten nehmen allj\u00e4hrlich die Spitzenposition bei den Investitionen im Haushaltsplan der Gemeinde ein.<\/p>\n\n\n\n<h6><strong>Freib\u00fchlschule<\/strong><\/h6>\n\n\n\n<p>In unsere Freib\u00fchlschule haben wir in den vergangenen acht Jahren rund 5,5 Mio. Euro investiert. Die wichtigsten Projekte waren dabei die grundlegende Sanierung der kleinen Schulturnhalle, der Bau einer neuen und klimafreundlicheren Heizungszentrale, die Sanierung des Geb\u00e4udes \u201eE\u201c mit Handarbeitsraum und Schulk\u00fcche, die neue L\u00fcftungs- und Warmwasseranlage in der Freib\u00fchlhalle sowie die aktuell laufende Sanierung der Bio-, Chemie- und Physikr\u00e4ume.<\/p>\n\n\n\n<figure class=\"wp-block-image size-large\"><img loading=\"lazy\" width=\"1024\" height=\"482\" src=\"https:\/\/mario-storz.de\/wp-content\/uploads\/2021\/03\/image-1-1024x482.png\" alt=\"\" class=\"wp-image-194\" srcset=\"https:\/\/mario-storz.de\/wp-content\/uploads\/2021\/03\/image-1-1024x482.png 1024w, https:\/\/mario-storz.de\/wp-content\/uploads\/2021\/03\/image-1-300x141.png 300w, https:\/\/mario-storz.de\/wp-content\/uploads\/2021\/03\/image-1-768x362.png 768w, https:\/\/mario-storz.de\/wp-content\/uploads\/2021\/03\/image-1.png 1282w\" sizes=\"(max-width: 1024px) 100vw, 1024px\" \/><\/figure>\n\n\n\n<h6><strong>Grundschule Kleinengstingen<\/strong><\/h6>\n\n\n\n<p>Die Grundschule Kleinengstingen wurde mit moderner und digitaler Medientechnik ausgestattet, f\u00fcr das Schwimmbad wurde eine neue Filteranlage eingebaut und das Maskottchen der Grundschule Kleinengstingen, der Schuldrache, wurde komplett neugestaltet und saniert.<\/p>\n\n\n\n<h6><strong>Kindertagesst\u00e4tten<\/strong><\/h6>\n\n\n\n<p>Auch bei den Kindertagesst\u00e4tten und der Kinderbetreuung haben wir investiert und neue, bedarfsgerechte Angebote in den verschiedenen Einrichtungen geschaffen, beispielsweise zur Betreuung von unter 3-j\u00e4hrigen Kindern oder zur Einf\u00fchrung von verl\u00e4ngerten \u00d6ffnungszeiten.<\/p>\n\n\n\n<h6><strong>Spielpl\u00e4tze<\/strong><\/h6>\n\n\n\n<p>In den vergangenen Jahren wurden auch die Spielpl\u00e4tze in unserer Gemeinde nach und nach saniert. Daf\u00fcr investierte die Gemeinde rund 250.000 Euro. <\/p>\n\n\n\n<p>Die Spielpl\u00e4tze wurden zusammen mit den Kindern und Eltern der \u201eInitiative Familienfreundliches Engstingen\u201c geplant und in einer Gemeinschaftsleistung der Eltern, der Gemeinde und einer Baufirma umgebaut.<\/p>\n\n\n\n<figure class=\"wp-block-image size-large\"><img loading=\"lazy\" width=\"1024\" height=\"482\" src=\"https:\/\/mario-storz.de\/wp-content\/uploads\/2021\/03\/image-1024x482.png\" alt=\"\" class=\"wp-image-192\" srcset=\"https:\/\/mario-storz.de\/wp-content\/uploads\/2021\/03\/image-1024x482.png 1024w, https:\/\/mario-storz.de\/wp-content\/uploads\/2021\/03\/image-300x141.png 300w, https:\/\/mario-storz.de\/wp-content\/uploads\/2021\/03\/image-768x362.png 768w, https:\/\/mario-storz.de\/wp-content\/uploads\/2021\/03\/image.png 1282w\" sizes=\"(max-width: 1024px) 100vw, 1024px\" \/><\/figure>\n\n\n\n<p><\/p>\n\n\n\n<blockquote class=\"wp-block-quote\"><p><a><strong><span style=\"color:#000000\" class=\"tadv-color\">Meine Ziele f\u00fcr eine zweite Amtszeit:<\/span><\/strong><\/a><\/p><\/blockquote>\n\n\n\n<ul><li>Ausbau von Krippenpl\u00e4tzen und weiterer bedarfsgerechter Ausbau der Kinderbetreuung<\/li><li>Fortsetzung der Sanierung der Freib\u00fchlschule<\/li><li>Digitalisierung der Freib\u00fchlschule<\/li><li>Glasfaseranschluss \/ Schnelles Internet f\u00fcr das Schulzentrum<\/li><li>Bedarfsgerechte Weiterentwicklung der Betreuungskonzepte an den Schulen<\/li><li>Fortsetzung der Sanierung unserer Spielpl\u00e4tze in Zusammenarbeit mit der Elterninitiative<\/li><\/ul>\n\n\n\n<p><\/p>\n","protected":false},"excerpt":{"rendered":"<p>Schule, Bildung und Kinderbetreuung sind wichtige Schwerpunkte meiner Arbeit. Unsere Schulen und Kinderg\u00e4rten nehmen allj\u00e4hrlich die Spitzenposition bei den Investitionen im Haushaltsplan der Gemeinde ein. Freib\u00fchlschule In unsere Freib\u00fchlschule haben wir in den vergangenen acht Jahren rund 5,5 Mio. Euro investiert. Die wichtigsten Projekte waren dabei die grundlegende Sanierung der kleinen Schulturnhalle, der Bau einer [&hellip;]<\/p>\n","protected":false},"author":1,"featured_media":0,"parent":0,"menu_order":0,"comment_status":"closed","ping_status":"closed","template":"","meta":[],"_links":{"self":[{"href":"https:\/\/mario-storz.de\/index.php?rest_route=\/wp\/v2\/pages\/29"}],"collection":[{"href":"https:\/\/mario-storz.de\/index.php?rest_route=\/wp\/v2\/pages"}],"about":[{"href":"https:\/\/mario-storz.de\/index.php?rest_route=\/wp\/v2\/types\/page"}],"author":[{"embeddable":true,"href":"https:\/\/mario-storz.de\/index.php?rest_route=\/wp\/v2\/users\/1"}],"replies":[{"embeddable":true,"href":"https:\/\/mario-storz.de\/index.php?rest_route=%2Fwp%2Fv2%2Fcomments&post=29"}],"version-history":[{"count":13,"href":"https:\/\/mario-storz.de\/index.php?rest_route=\/wp\/v2\/pages\/29\/revisions"}],"predecessor-version":[{"id":264,"href":"https:\/\/mario-storz.de\/index.php?rest_route=\/wp\/v2\/pages\/29\/revisions\/264"}],"wp:attachment":[{"href":"https:\/\/mario-storz.de\/index.php?rest_route=%2Fwp%2Fv2%2Fmedia&parent=29"}],"curies":[{"name":"wp","href":"https:\/\/api.w.org\/{rel}","templated":true}]}}