{"id":185,"date":"2021-03-13T21:37:00","date_gmt":"2021-03-13T21:37:00","guid":{"rendered":"https:\/\/mario-storz.de\/?page_id=185"},"modified":"2021-03-24T07:14:18","modified_gmt":"2021-03-24T07:14:18","slug":"vereine-und-gemeindeleben","status":"publish","type":"page","link":"https:\/\/mario-storz.de\/?page_id=185","title":{"rendered":"Vereine und Gemeindeleben"},"content":{"rendered":"\n<p>Das Leben in unserer Gemeinde wird erst durch die vielen Vereine, Kirchen, Organisationen und Institutionen attraktiv und lebendig. Viele B\u00fcrgerinnen und B\u00fcrger engagieren sich ehrenamtlich und leisten damit einen wichtigen Beitrag f\u00fcr unsere Gesellschaft. Dieses b\u00fcrgerschaftliche Engagement bildet auch ganz wesentlich das R\u00fcckgrat unseres sozialen Miteinanders. Unsere Vereine und Organisationen leisten dabei auch einen unverzichtbaren Beitrag im Rahmen der Jugendarbeit.<\/p>\n\n\n\n<p>Gerade w\u00e4hrend des Lockdowns in der Corona-Pandemie erfahren wir schmerzlich, wie sehr uns die Feste und Feiern in der Gemeinde und unser liebgewonnenes Vereinsleben fehlen. Eine enge, offene und partnerschaftliche Zusammenarbeit mit den Vereinen, Kirchen und Organisationen in unserer Gemeinde war und ist mir sehr wichtig. Diese Zusammenarbeit m\u00f6chte ich in einer zweiten Amtszeit weiterhin pflegen und fortf\u00fchren.<\/p>\n\n\n\n<figure class=\"wp-block-image size-large\"><img loading=\"lazy\" width=\"1024\" height=\"478\" src=\"https:\/\/mario-storz.de\/wp-content\/uploads\/2021\/03\/image-16-1024x478.png\" alt=\"\" class=\"wp-image-236\" srcset=\"https:\/\/mario-storz.de\/wp-content\/uploads\/2021\/03\/image-16-1024x478.png 1024w, https:\/\/mario-storz.de\/wp-content\/uploads\/2021\/03\/image-16-300x140.png 300w, https:\/\/mario-storz.de\/wp-content\/uploads\/2021\/03\/image-16-768x359.png 768w, https:\/\/mario-storz.de\/wp-content\/uploads\/2021\/03\/image-16.png 1276w\" sizes=\"(max-width: 1024px) 100vw, 1024px\" \/><\/figure>\n\n\n\n<blockquote class=\"wp-block-quote is-style-default\"><p><strong>Meine Ziele f\u00fcr eine zweite Amtszeit:<\/strong><\/p><\/blockquote>\n\n\n\n<ul><li>Ein weiterhin guter und vertrauensvoller Austausch mit den Vereinen, Kirchen und Organisationen in unserer Gemeinde<\/li><li>Sofern gew\u00fcnscht: Einf\u00fchrung eines \u201eTag des Ehrenamtes\u201c zur Vorstellung der vielf\u00e4ltigen Vereinslandschaft und des b\u00fcrgerschaftlichen Engagements in unserer Gemeinde<\/li><li>Einrichtung eines \u201erunden Tischs Kultur\u201c zur Planung und Organisation von Kulturveranstaltungen<\/li><\/ul>\n\n\n\n<p><\/p>\n","protected":false},"excerpt":{"rendered":"<p>Das Leben in unserer Gemeinde wird erst durch die vielen Vereine, Kirchen, Organisationen und Institutionen attraktiv und lebendig. Viele B\u00fcrgerinnen und B\u00fcrger engagieren sich ehrenamtlich und leisten damit einen wichtigen Beitrag f\u00fcr unsere Gesellschaft. Dieses b\u00fcrgerschaftliche Engagement bildet auch ganz wesentlich das R\u00fcckgrat unseres sozialen Miteinanders. Unsere Vereine und Organisationen leisten dabei auch einen unverzichtbaren [&hellip;]<\/p>\n","protected":false},"author":1,"featured_media":0,"parent":0,"menu_order":0,"comment_status":"closed","ping_status":"closed","template":"","meta":[],"_links":{"self":[{"href":"https:\/\/mario-storz.de\/index.php?rest_route=\/wp\/v2\/pages\/185"}],"collection":[{"href":"https:\/\/mario-storz.de\/index.php?rest_route=\/wp\/v2\/pages"}],"about":[{"href":"https:\/\/mario-storz.de\/index.php?rest_route=\/wp\/v2\/types\/page"}],"author":[{"embeddable":true,"href":"https:\/\/mario-storz.de\/index.php?rest_route=\/wp\/v2\/users\/1"}],"replies":[{"embeddable":true,"href":"https:\/\/mario-storz.de\/index.php?rest_route=%2Fwp%2Fv2%2Fcomments&post=185"}],"version-history":[{"count":5,"href":"https:\/\/mario-storz.de\/index.php?rest_route=\/wp\/v2\/pages\/185\/revisions"}],"predecessor-version":[{"id":276,"href":"https:\/\/mario-storz.de\/index.php?rest_route=\/wp\/v2\/pages\/185\/revisions\/276"}],"wp:attachment":[{"href":"https:\/\/mario-storz.de\/index.php?rest_route=%2Fwp%2Fv2%2Fmedia&parent=185"}],"curies":[{"name":"wp","href":"https:\/\/api.w.org\/{rel}","templated":true}]}}